{"id":558,"date":"2024-10-22T22:38:25","date_gmt":"2024-10-22T22:38:25","guid":{"rendered":"https:\/\/fantinati3d.com.br\/?page_id=558"},"modified":"2025-01-07T11:35:11","modified_gmt":"2025-01-07T11:35:11","slug":"placa-de-bruxismo","status":"publish","type":"page","link":"https:\/\/fantinati3d.com.br\/?page_id=558","title":{"rendered":"Placa de Bruxismo"},"content":{"rendered":"\t\t<div data-elementor-type=\"wp-page\" data-elementor-id=\"558\" class=\"elementor elementor-558\" data-elementor-post-type=\"page\">\n\t\t\t\t<div class=\"elementor-element elementor-element-30cc384 e-flex e-con-boxed e-con e-parent\" data-id=\"30cc384\" data-element_type=\"container\">\n\t\t\t\t\t<div class=\"e-con-inner\">\n\t\t\t\t<div class=\"elementor-element elementor-element-b2db53f elementor-cta--skin-classic elementor-animated-content elementor-bg-transform elementor-bg-transform-zoom-in elementor-widget elementor-widget-call-to-action\" data-id=\"b2db53f\" data-element_type=\"widget\" data-widget_type=\"call-to-action.default\">\n\t\t\t\t<div class=\"elementor-widget-container\">\n\t\t\t\t\t<div class=\"elementor-cta\">\n\t\t\t\t\t<div class=\"elementor-cta__bg-wrapper\">\n\t\t\t\t<div class=\"elementor-cta__bg elementor-bg\" style=\"background-image: url(https:\/\/fantinati3d.com.br\/wp-content\/uploads\/2024\/10\/placa-de-bruxismo-imagem.jpg);\" role=\"img\" aria-label=\"\"><\/div>\n\t\t\t\t<div class=\"elementor-cta__bg-overlay\"><\/div>\n\t\t\t<\/div>\n\t\t\t\t\t\t\t<div class=\"elementor-cta__content\">\n\t\t\t\t\n\t\t\t\t\t\t\t\t\t<h2 class=\"elementor-cta__title elementor-cta__content-item elementor-content-item\">\n\t\t\t\t\t\tPlaca de Bruxismo\t\t\t\t\t<\/h2>\n\t\t\t\t\n\t\t\t\t\t\t\t\t\t<div class=\"elementor-cta__description elementor-cta__content-item elementor-content-item\">\n\t\t\t\t\t\t<p>A placa de bruxismo produzida com impress\u00e3o 3D traz uma s\u00e9rie de vantagens em rela\u00e7\u00e3o \u00e0s t\u00e9cnicas convencionais. A precis\u00e3o das impressoras 3D permite um encaixe exato com a arcada dent\u00e1ria do paciente, proporcionando conforto durante o uso e uma experi\u00eancia personalizada. O material utilizado \u00e9 uma resina de alta qualidade e durabilidade, o que resulta em um desgaste m\u00ednimo e uma vida \u00fatil prolongada da placa, reduzindo a necessidade de substitui\u00e7\u00f5es frequentes.<\/p><p>Outro diferencial \u00e9 a agilidade: enquanto m\u00e9todos tradicionais podem levar semanas, a impress\u00e3o 3D permite que entreguemos a placa de bruxismo em at\u00e9 3 dias \u00fateis ap\u00f3s o pedido, atendendo rapidamente \u00e0 sua necessidade. Al\u00e9m disso, oferecemos a placa de bruxismo com um excelente custo-benef\u00edcio, disponibilizando um modelo de trabalho e mantendo um pre\u00e7o acess\u00edvel. Com a impress\u00e3o 3D, voc\u00ea conta com mais conforto, durabilidade e rapidez.<\/p><p><span style=\"font-family: var( --e-global-typography-text-font-family ), Sans-serif; font-size: var( --e-global-typography-text-font-size ); font-style: var( --e-global-typography-text-font-style ); font-weight: var( --e-global-typography-text-font-weight ); letter-spacing: var( --e-global-typography-text-letter-spacing ); text-transform: var( --e-global-typography-text-text-transform );\">Ofere\u00e7a ao seu paciente uma placa de bruxismo com encaixe perfeito e durabilidade superior. Com a nossa plataforma LAB 3D, voc\u00ea faz o pedido em minutos e recebe a placa pronta em at\u00e9 3 dias \u00fateis. Acesse nossa plataforma, cadastre-se e pe\u00e7a agora para garantir qualidade e conforto para seus pacientes!<\/span><span style=\"font-family: var( --e-global-typography-text-font-family ), Sans-serif; font-size: var( --e-global-typography-text-font-size ); font-style: var( --e-global-typography-text-font-style ); font-weight: var( --e-global-typography-text-font-weight ); letter-spacing: var( --e-global-typography-text-letter-spacing ); text-transform: var( --e-global-typography-text-text-transform );\"><\/span><\/p>\t\t\t\t\t<\/div>\n\t\t\t\t\n\t\t\t\t\t\t\t\t\t<div class=\"elementor-cta__button-wrapper elementor-cta__content-item elementor-content-item \">\n\t\t\t\t\t<a class=\"elementor-cta__button elementor-button elementor-size-\" href=\"https:\/\/fantinatiframe.soubemestar.com.br\/torus.pedidoentrar.aspx\" target=\"_blank\">\n\t\t\t\t\t\tPe\u00e7a J\u00e1!\t\t\t\t\t<\/a>\n\t\t\t\t\t<\/div>\n\t\t\t\t\t\t\t<\/div>\n\t\t\t\t\t\t<\/div>\n\t\t\t\t<\/div>\n\t\t\t\t<\/div>\n\t\t\t\t\t<\/div>\n\t\t\t\t<\/div>\n\t\t\t\t<\/div>\n\t\t","protected":false},"excerpt":{"rendered":"<p>Placa de Bruxismo A placa de bruxismo produzida com impress\u00e3o 3D traz uma s\u00e9rie de vantagens em rela\u00e7\u00e3o \u00e0s t\u00e9cnicas convencionais. A precis\u00e3o das impressoras 3D permite um encaixe exato com a arcada dent\u00e1ria do paciente, proporcionando conforto durante o uso e uma experi\u00eancia personalizada. O material utilizado \u00e9 uma resina de alta qualidade e [&hellip;]<\/p>\n","protected":false},"author":1,"featured_media":0,"parent":0,"menu_order":0,"comment_status":"closed","ping_status":"closed","template":"elementor_header_footer","meta":{"saved_in_kubio":false,"footnotes":""},"class_list":["post-558","page","type-page","status-publish","hentry"],"kubio_ai_page_context":{"short_desc":"","purpose":"general"},"_links":{"self":[{"href":"https:\/\/fantinati3d.com.br\/index.php?rest_route=\/wp\/v2\/pages\/558","targetHints":{"allow":["GET"]}}],"collection":[{"href":"https:\/\/fantinati3d.com.br\/index.php?rest_route=\/wp\/v2\/pages"}],"about":[{"href":"https:\/\/fantinati3d.com.br\/index.php?rest_route=\/wp\/v2\/types\/page"}],"author":[{"embeddable":true,"href":"https:\/\/fantinati3d.com.br\/index.php?rest_route=\/wp\/v2\/users\/1"}],"replies":[{"embeddable":true,"href":"https:\/\/fantinati3d.com.br\/index.php?rest_route=%2Fwp%2Fv2%2Fcomments&post=558"}],"version-history":[{"count":12,"href":"https:\/\/fantinati3d.com.br\/index.php?rest_route=\/wp\/v2\/pages\/558\/revisions"}],"predecessor-version":[{"id":724,"href":"https:\/\/fantinati3d.com.br\/index.php?rest_route=\/wp\/v2\/pages\/558\/revisions\/724"}],"wp:attachment":[{"href":"https:\/\/fantinati3d.com.br\/index.php?rest_route=%2Fwp%2Fv2%2Fmedia&parent=558"}],"curies":[{"name":"wp","href":"https:\/\/api.w.org\/{rel}","templated":true}]}}