{"id":213,"date":"2024-10-11T13:34:10","date_gmt":"2024-10-11T13:34:10","guid":{"rendered":"https:\/\/fantinati3d.com.br\/?page_id=213"},"modified":"2024-10-30T19:00:15","modified_gmt":"2024-10-30T19:00:15","slug":"about-us","status":"publish","type":"page","link":"https:\/\/fantinati3d.com.br\/?page_id=213","title":{"rendered":"About Us"},"content":{"rendered":"\t\t<div data-elementor-type=\"wp-page\" data-elementor-id=\"213\" class=\"elementor elementor-213\" data-elementor-post-type=\"page\">\n\t\t\t\t<div class=\"elementor-element elementor-element-b508b56 e-flex e-con-boxed e-con e-parent\" data-id=\"b508b56\" data-element_type=\"container\" data-settings=\"{&quot;background_background&quot;:&quot;classic&quot;}\">\n\t\t\t\t\t<div class=\"e-con-inner\">\n\t\t\t\t<div class=\"elementor-element elementor-element-79779cf elementor-widget elementor-widget-image\" data-id=\"79779cf\" data-element_type=\"widget\" data-widget_type=\"image.default\">\n\t\t\t\t<div class=\"elementor-widget-container\">\n\t\t\t\t\t\t\t\t\t\t\t\t\t<img fetchpriority=\"high\" decoding=\"async\" width=\"300\" height=\"300\" src=\"https:\/\/fantinati3d.com.br\/wp-content\/uploads\/2024\/10\/WhatsApp-Image-2024-10-21-at-16.12.17-1-300x300.jpeg\" class=\"attachment-medium size-medium wp-image-654\" alt=\"\" srcset=\"https:\/\/fantinati3d.com.br\/wp-content\/uploads\/2024\/10\/WhatsApp-Image-2024-10-21-at-16.12.17-1-300x300.jpeg 300w, https:\/\/fantinati3d.com.br\/wp-content\/uploads\/2024\/10\/WhatsApp-Image-2024-10-21-at-16.12.17-1-1024x1024.jpeg 1024w, https:\/\/fantinati3d.com.br\/wp-content\/uploads\/2024\/10\/WhatsApp-Image-2024-10-21-at-16.12.17-1-150x150.jpeg 150w, https:\/\/fantinati3d.com.br\/wp-content\/uploads\/2024\/10\/WhatsApp-Image-2024-10-21-at-16.12.17-1-768x768.jpeg 768w, https:\/\/fantinati3d.com.br\/wp-content\/uploads\/2024\/10\/WhatsApp-Image-2024-10-21-at-16.12.17-1-600x600.jpeg 600w, https:\/\/fantinati3d.com.br\/wp-content\/uploads\/2024\/10\/WhatsApp-Image-2024-10-21-at-16.12.17-1-100x100.jpeg 100w, https:\/\/fantinati3d.com.br\/wp-content\/uploads\/2024\/10\/WhatsApp-Image-2024-10-21-at-16.12.17-1.jpeg 1280w\" sizes=\"(max-width: 300px) 100vw, 300px\" \/>\t\t\t\t\t\t\t\t\t\t\t\t\t<\/div>\n\t\t\t\t<\/div>\n\t\t\t\t\t<\/div>\n\t\t\t\t<\/div>\n\t\t<div class=\"elementor-element elementor-element-a03db20 e-grid e-con-boxed e-con e-parent\" data-id=\"a03db20\" data-element_type=\"container\" data-settings=\"{&quot;background_background&quot;:&quot;classic&quot;}\">\n\t\t\t\t\t<div class=\"e-con-inner\">\n\t\t\t\t<div class=\"elementor-element elementor-element-cbab0f0 elementor-widget elementor-widget-heading\" data-id=\"cbab0f0\" data-element_type=\"widget\" data-widget_type=\"heading.default\">\n\t\t\t\t<div class=\"elementor-widget-container\">\n\t\t\t<h2 class=\"elementor-heading-title elementor-size-default\">Nossa Miss\u00e3o<\/h2>\t\t<\/div>\n\t\t\t\t<\/div>\n\t\t\t\t<div class=\"elementor-element elementor-element-b9a8a23 elementor-widget elementor-widget-text-editor\" data-id=\"b9a8a23\" data-element_type=\"widget\" data-widget_type=\"text-editor.default\">\n\t\t\t\t<div class=\"elementor-widget-container\">\n\t\t\t\t\t\t\t<p>Nossa miss\u00e3o \u00e9 oferecer solu\u00e7\u00f5es odontol\u00f3gicas de alta precis\u00e3o e efici\u00eancia por meio da tecnologia de impress\u00e3o 3D, proporcionando aos profissionais da sa\u00fade modelos personalizados, dur\u00e1veis e com entrega r\u00e1pida. Buscamos aprimorar a experi\u00eancia cl\u00ednica e otimizar o tempo e os resultados para nossos parceiros e seus pacientes.<\/p>\t\t\t\t\t\t<\/div>\n\t\t\t\t<\/div>\n\t\t\t\t\t<\/div>\n\t\t\t\t<\/div>\n\t\t<div class=\"elementor-element elementor-element-45b9d82 e-flex e-con-boxed e-con e-parent\" data-id=\"45b9d82\" data-element_type=\"container\" data-settings=\"{&quot;background_background&quot;:&quot;classic&quot;}\">\n\t\t\t\t\t<div class=\"e-con-inner\">\n\t\t\t\t<div class=\"elementor-element elementor-element-a459c4e elementor-widget elementor-widget-spacer\" data-id=\"a459c4e\" data-element_type=\"widget\" data-widget_type=\"spacer.default\">\n\t\t\t\t<div class=\"elementor-widget-container\">\n\t\t\t\t\t<div class=\"elementor-spacer\">\n\t\t\t<div class=\"elementor-spacer-inner\"><\/div>\n\t\t<\/div>\n\t\t\t\t<\/div>\n\t\t\t\t<\/div>\n\t\t\t\t\t<\/div>\n\t\t\t\t<\/div>\n\t\t<div class=\"elementor-element elementor-element-886bcc5 e-flex e-con-boxed e-con e-parent\" data-id=\"886bcc5\" data-element_type=\"container\" data-settings=\"{&quot;background_background&quot;:&quot;classic&quot;}\">\n\t\t\t\t\t<div class=\"e-con-inner\">\n\t\t\t\t<div class=\"elementor-element elementor-element-e76d194 elementor-widget elementor-widget-heading\" data-id=\"e76d194\" data-element_type=\"widget\" data-widget_type=\"heading.default\">\n\t\t\t\t<div class=\"elementor-widget-container\">\n\t\t\t<h2 class=\"elementor-heading-title elementor-size-default\">Nossos Valores<\/h2>\t\t<\/div>\n\t\t\t\t<\/div>\n\t\t\t\t\t<\/div>\n\t\t\t\t<\/div>\n\t\t<div class=\"elementor-element elementor-element-e714a13 e-flex e-con-boxed e-con e-parent\" data-id=\"e714a13\" data-element_type=\"container\" data-settings=\"{&quot;background_background&quot;:&quot;classic&quot;}\">\n\t\t\t\t\t<div class=\"e-con-inner\">\n\t\t\t\t<div class=\"elementor-element elementor-element-7734ab8 elementor-widget elementor-widget-text-editor\" data-id=\"7734ab8\" data-element_type=\"widget\" data-widget_type=\"text-editor.default\">\n\t\t\t\t<div class=\"elementor-widget-container\">\n\t\t\t\t\t\t\t<p><strong>Inova\u00e7\u00e3o<\/strong><\/p><p>Investimos em tecnologia de ponta para garantir o que h\u00e1 de mais avan\u00e7ado em prototipagem e fabrica\u00e7\u00e3o de modelos odontol\u00f3gicos, com precis\u00e3o e qualidade superior.<\/p><p><strong>Compromisso com a Qualidade<\/strong><\/p><p>Nossos produtos passam pela avalia\u00e7\u00e3o criteriosa de profissionais implantodontistas, assegurando a confian\u00e7a e a seguran\u00e7a em cada trabalho realizado.<\/p><p><strong>Agilidade e Efici\u00eancia<\/strong><\/p><p>Valorizamos o tempo dos nossos clientes, oferecendo entregas r\u00e1pidas e processos simplificados atrav\u00e9s da plataforma LAB 3D.<\/p><p><strong>Acessibilidade e Transpar\u00eancia<\/strong><\/p><p>Priorizamos um atendimento acess\u00edvel, com pre\u00e7os competitivos e comunica\u00e7\u00e3o transparente, garantindo que nossos parceiros recebam sempre o melhor custo-benef\u00edcio.<\/p><p><strong>Conforto e Satisfa\u00e7\u00e3o do Cliente<\/strong><\/p><p>Estamos comprometidos em entregar produtos que proporcionam conforto e confian\u00e7a aos pacientes, elevando a experi\u00eancia e os resultados cl\u00ednicos dos profissionais que atendemos.<\/p>\t\t\t\t\t\t<\/div>\n\t\t\t\t<\/div>\n\t\t\t\t\t<\/div>\n\t\t\t\t<\/div>\n\t\t\t\t<\/div>\n\t\t","protected":false},"excerpt":{"rendered":"<p>Nossa Miss\u00e3o Nossa miss\u00e3o \u00e9 oferecer solu\u00e7\u00f5es odontol\u00f3gicas de alta precis\u00e3o e efici\u00eancia por meio da tecnologia de impress\u00e3o 3D, proporcionando aos profissionais da sa\u00fade modelos personalizados, dur\u00e1veis e com entrega r\u00e1pida. Buscamos aprimorar a experi\u00eancia cl\u00ednica e otimizar o tempo e os resultados para nossos parceiros e seus pacientes. Nossos Valores Inova\u00e7\u00e3o Investimos em [&hellip;]<\/p>\n","protected":false},"author":1,"featured_media":219,"parent":0,"menu_order":0,"comment_status":"closed","ping_status":"closed","template":"elementor_header_footer","meta":{"saved_in_kubio":false,"footnotes":""},"class_list":["post-213","page","type-page","status-publish","has-post-thumbnail","hentry"],"kubio_ai_page_context":{"short_desc":"","purpose":"general"},"_links":{"self":[{"href":"https:\/\/fantinati3d.com.br\/index.php?rest_route=\/wp\/v2\/pages\/213","targetHints":{"allow":["GET"]}}],"collection":[{"href":"https:\/\/fantinati3d.com.br\/index.php?rest_route=\/wp\/v2\/pages"}],"about":[{"href":"https:\/\/fantinati3d.com.br\/index.php?rest_route=\/wp\/v2\/types\/page"}],"author":[{"embeddable":true,"href":"https:\/\/fantinati3d.com.br\/index.php?rest_route=\/wp\/v2\/users\/1"}],"replies":[{"embeddable":true,"href":"https:\/\/fantinati3d.com.br\/index.php?rest_route=%2Fwp%2Fv2%2Fcomments&post=213"}],"version-history":[{"count":31,"href":"https:\/\/fantinati3d.com.br\/index.php?rest_route=\/wp\/v2\/pages\/213\/revisions"}],"predecessor-version":[{"id":677,"href":"https:\/\/fantinati3d.com.br\/index.php?rest_route=\/wp\/v2\/pages\/213\/revisions\/677"}],"wp:featuredmedia":[{"embeddable":true,"href":"https:\/\/fantinati3d.com.br\/index.php?rest_route=\/wp\/v2\/media\/219"}],"wp:attachment":[{"href":"https:\/\/fantinati3d.com.br\/index.php?rest_route=%2Fwp%2Fv2%2Fmedia&parent=213"}],"curies":[{"name":"wp","href":"https:\/\/api.w.org\/{rel}","templated":true}]}}